{"id":638,"date":"2023-10-22T16:47:08","date_gmt":"2023-10-22T14:47:08","guid":{"rendered":"https:\/\/snexotrad.local\/?page_id=638"},"modified":"2023-11-06T07:59:03","modified_gmt":"2023-11-06T06:59:03","slug":"politique-de-cookies","status":"publish","type":"page","link":"https:\/\/www.nexotraducciones.com\/fr\/politique-de-cookies\/","title":{"rendered":"Politique de Cookies"},"content":{"rendered":"\t\t<div data-elementor-type=\"wp-page\" data-elementor-id=\"638\" class=\"elementor elementor-638 elementor-51\">\n\t\t\t\t<div class=\"elementor-element elementor-element-a7fea02 e-flex e-con-boxed e-con e-parent\" data-id=\"a7fea02\" data-element_type=\"container\">\n\t\t\t\t\t<div class=\"e-con-inner\">\n\t\t\t\t<div class=\"elementor-element elementor-element-b55bc14 elementor-widget elementor-widget-text-editor\" data-id=\"b55bc14\" data-element_type=\"widget\" data-widget_type=\"text-editor.default\">\n\t\t\t\t<div class=\"elementor-widget-container\">\n\t\t\t<style>\/*! elementor - v3.23.0 - 05-08-2024 *\/\n.elementor-widget-text-editor.elementor-drop-cap-view-stacked .elementor-drop-cap{background-color:#69727d;color:#fff}.elementor-widget-text-editor.elementor-drop-cap-view-framed .elementor-drop-cap{color:#69727d;border:3px solid;background-color:transparent}.elementor-widget-text-editor:not(.elementor-drop-cap-view-default) .elementor-drop-cap{margin-top:8px}.elementor-widget-text-editor:not(.elementor-drop-cap-view-default) .elementor-drop-cap-letter{width:1em;height:1em}.elementor-widget-text-editor .elementor-drop-cap{float:left;text-align:center;line-height:1;font-size:50px}.elementor-widget-text-editor .elementor-drop-cap-letter{display:inline-block}<\/style>\t\t\t\t<p>Un cookie est un fichier d\u2019informations que le serveur de ce site Web envoie \u00e0 l\u2019appareil (ordinateur, smartphone, tablette, etc.) de celui qui acc\u00e8de \u00e0 la page pour stocker et r\u00e9cup\u00e9rer des informations sur la navigation effectu\u00e9e \u00e0 partir dudit \u00e9quipement.<\/p><p>NEXO traducciones utilise diff\u00e9rents types de cookies (techniques, analytiques) uniquement dans le but d\u2019am\u00e9liorer la navigation de l\u2019utilisateur sur le site Web, sans aucun type de publicit\u00e9 ou d\u2019objet similaire. NEXO traducciones, \u00e0 travers les cookies, ne collecte aucune donn\u00e9e personnelle.<\/p><p>NEXO traducciones utilise les cookies suivants sur ce site:<\/p>\t\t\t\t\t\t<\/div>\n\t\t\t\t<\/div>\n\t\t\t\t\t<\/div>\n\t\t\t\t<\/div>\n\t\t<div class=\"elementor-element elementor-element-32b00f0 e-flex e-con-boxed e-con e-parent\" data-id=\"32b00f0\" data-element_type=\"container\">\n\t\t\t\t\t<div class=\"e-con-inner\">\n\t\t\t\t<div class=\"elementor-element elementor-element-768d4c9 elementor-widget elementor-widget-text-editor\" data-id=\"768d4c9\" data-element_type=\"widget\" data-widget_type=\"text-editor.default\">\n\t\t\t\t<div class=\"elementor-widget-container\">\n\t\t\t\t\t\t\t<table class=\"cookies-table\" border=\"1\">\n<tbody>\n<tr>\n<td style=\"background-color: #f8f8f8;\" colspan=\"4\"><strong>COOKIES REQUIS (TECHNIQUES)<\/strong><\/td>\n<\/tr>\n<tr>\n<td><strong>DOMAIN<\/strong><\/td>\n<td><strong>NOM<\/strong><\/td>\n<td><strong>OBJECTIF<\/strong><\/td>\n<td><strong>DUR\u00c9E<\/strong><\/td>\n<\/tr>\n<tr>\n<td>nexotraducciones.com<\/td>\n<td>moove_gdpr_popup<\/td>\n<td>Ce cookie est utilis\u00e9 pour m\u00e9moriser si l\u2019utilisateur a consenti ou non \u00e0 l\u2019utilisation de cookies. Il ne stocke aucune donn\u00e9e personnelle.<\/td>\n<td>365 jours<\/td>\n<\/tr>\n<tr>\n<td>nextraducciones.com<\/td>\n<td>wp-wpml_current_language<\/td>\n<td>Cookie technique qui enregistre la langue choisie dans la navigation.<\/td>\n<td>1 jour<\/td>\n<\/tr>\n<\/tbody>\n<\/table>\t\t\t\t\t\t<\/div>\n\t\t\t\t<\/div>\n\t\t\t\t\t<\/div>\n\t\t\t\t<\/div>\n\t\t<div class=\"elementor-element elementor-element-a5dd5e0 e-flex e-con-boxed e-con e-parent\" data-id=\"a5dd5e0\" data-element_type=\"container\">\n\t\t\t\t\t<div class=\"e-con-inner\">\n\t\t\t\t<div class=\"elementor-element elementor-element-5697228 elementor-widget elementor-widget-text-editor\" data-id=\"5697228\" data-element_type=\"widget\" data-widget_type=\"text-editor.default\">\n\t\t\t\t<div class=\"elementor-widget-container\">\n\t\t\t\t\t\t\t<table border=\"1\"><tbody><tr><td style=\"background-color: #f0f0f0;\"><strong>COOKIES TIERS<\/strong><\/td><\/tr><tr><td>Ce site Web n&rsquo;utilise pas de cookies analytiques tiers (Google Analytics).<\/td><\/tr><tr><td>reCAPTCHA v3 a \u00e9t\u00e9 mis en \u0153uvre sur ce site Web et l&rsquo;utilisation de ce service est soumise \u00e0 la <a href=\"https:\/\/policies.google.com\/privacy?hl=fr\" target=\"_blank\" rel=\"noopener\">politique de confidentialit\u00e9<\/a> et aux <a href=\"https:\/\/policies.google.com\/terms?hl=fr\" target=\"_blank\" rel=\"noopener\">conditions d&rsquo;utilisation<\/a> de Google. Son objectif est de lutter contre le spam et les abus sur le site Internet.<\/td><\/tr><\/tbody><\/table>\t\t\t\t\t\t<\/div>\n\t\t\t\t<\/div>\n\t\t\t\t\t<\/div>\n\t\t\t\t<\/div>\n\t\t<div class=\"elementor-element elementor-element-6aa937d e-flex e-con-boxed e-con e-parent\" data-id=\"6aa937d\" data-element_type=\"container\">\n\t\t\t\t\t<div class=\"e-con-inner\">\n\t\t\t\t<div class=\"elementor-element elementor-element-09dfbe3 elementor-widget elementor-widget-text-editor\" data-id=\"09dfbe3\" data-element_type=\"widget\" data-widget_type=\"text-editor.default\">\n\t\t\t\t<div class=\"elementor-widget-container\">\n\t\t\t\t\t\t\tL&rsquo;utilisateur peut, \u00e0 tout moment, choisir les cookies qu&rsquo;il souhaite utiliser sur ce site en :\n\n&#8211; 1). Param\u00e8tres du navigateur. Les liens suivants vous montrent comment d\u00e9sactiver les cookies en suivant les instructions des navigateurs les plus utilis\u00e9s :\n<ul>\n \t<li>Internet Explorer:\u00a0<a href=\"https:\/\/support.microsoft.com\/es-es\/help\/17442\/windows-internet-explorer-delete-manage-cookies\" target=\"_blank\" rel=\"noopener\">voir les instructions<\/a>.<\/li>\n \t<li>Mozilla Firefox:\u00a0<a href=\"https:\/\/support.mozilla.org\/en-US\/kb\/cookies-information-websites-store-on-your-computer?redirectlocale=en-us&amp;redirectslug=cookies\" target=\"_blank\" rel=\"noopener\">voir les instructionss<\/a>.<\/li>\n \t<li>Google Chrome:\u00a0<a href=\"https:\/\/support.google.com\/chrome\/answer\/95647?hl=es\" target=\"_blank\" rel=\"noopener\">voir les instructions<\/a>.<\/li>\n \t<li>Safari:\u00a0<a href=\"https:\/\/support.apple.com\/es-es\/guide\/safari\/sfri11471\/mac\" target=\"_blank\" rel=\"noopener\">voir les instructions<\/a>.<\/li>\n \t<li>Safari for IOS (iPhone and iPad):\u00a0<a href=\"https:\/\/support.apple.com\/es-es\/HT201265\" target=\"_blank\" rel=\"noopener\">voir les instructions<\/a>.<\/li>\n<\/ul>\n&#8211; 2). Outils tiers, disponibles en ligne, qui permettent aux utilisateurs de d\u00e9tecter les cookies sur chaque site Web visit\u00e9 et de g\u00e9rer leur d\u00e9sactivation.\n\nNi ce site Web ni ses repr\u00e9sentants l\u00e9gaux ne sont responsables du contenu ou de la v\u00e9racit\u00e9 des politiques de confidentialit\u00e9 que peuvent avoir les tiers mentionn\u00e9s dans cette politique de cookies.\n\nL&rsquo;acceptation de cette politique implique que l&rsquo;utilisateur a \u00e9t\u00e9 inform\u00e9 de mani\u00e8re claire et compl\u00e8te sur l&rsquo;utilisation des dispositifs de stockage et de r\u00e9cup\u00e9ration de donn\u00e9es (cookies) et que NEXO traducciones a le consentement de l&rsquo;utilisateur pour les utiliser comme \u00e9tabli \u00e0 l&rsquo;article 22 de la loi 34\/2002, de juillet. 11, sur les services de la soci\u00e9t\u00e9 de l&rsquo;information et le commerce \u00e9lectronique (LSSI-CE).\t\t\t\t\t\t<\/div>\n\t\t\t\t<\/div>\n\t\t\t\t\t<\/div>\n\t\t\t\t<\/div>\n\t\t\t\t<\/div>\n\t\t","protected":false},"excerpt":{"rendered":"<p>Un cookie est un fichier d\u2019informations que le serveur de ce site Web envoie \u00e0 l\u2019appareil (ordinateur, smartphone, tablette, etc.) de celui qui acc\u00e8de \u00e0 la page pour stocker et r\u00e9cup\u00e9rer des informations sur la navigation effectu\u00e9e \u00e0 partir dudit \u00e9quipement. NEXO traducciones utilise diff\u00e9rents types de cookies (techniques, analytiques) uniquement dans le but d\u2019am\u00e9liorer [&hellip;]<\/p>\n","protected":false},"author":3,"featured_media":0,"parent":0,"menu_order":0,"comment_status":"closed","ping_status":"closed","template":"","meta":{"site-sidebar-layout":"default","site-content-layout":"","ast-site-content-layout":"default","site-content-style":"default","site-sidebar-style":"default","ast-global-header-display":"","ast-banner-title-visibility":"","ast-main-header-display":"","ast-hfb-above-header-display":"","ast-hfb-below-header-display":"","ast-hfb-mobile-header-display":"","site-post-title":"","ast-breadcrumbs-content":"","ast-featured-img":"","footer-sml-layout":"","theme-transparent-header-meta":"default","adv-header-id-meta":"","stick-header-meta":"","header-above-stick-meta":"","header-main-stick-meta":"","header-below-stick-meta":"","astra-migrate-meta-layouts":"set","ast-page-background-enabled":"default","ast-page-background-meta":{"desktop":{"background-color":"var(--ast-global-color-4)","background-image":"","background-repeat":"repeat","background-position":"center center","background-size":"auto","background-attachment":"scroll","background-type":"","background-media":"","overlay-type":"","overlay-color":"","overlay-opacity":"","overlay-gradient":""},"tablet":{"background-color":"","background-image":"","background-repeat":"repeat","background-position":"center center","background-size":"auto","background-attachment":"scroll","background-type":"","background-media":"","overlay-type":"","overlay-color":"","overlay-opacity":"","overlay-gradient":""},"mobile":{"background-color":"","background-image":"","background-repeat":"repeat","background-position":"center center","background-size":"auto","background-attachment":"scroll","background-type":"","background-media":"","overlay-type":"","overlay-color":"","overlay-opacity":"","overlay-gradient":""}},"ast-content-background-meta":{"desktop":{"background-color":"var(--ast-global-color-5)","background-image":"","background-repeat":"repeat","background-position":"center center","background-size":"auto","background-attachment":"scroll","background-type":"","background-media":"","overlay-type":"","overlay-color":"","overlay-opacity":"","overlay-gradient":""},"tablet":{"background-color":"var(--ast-global-color-5)","background-image":"","background-repeat":"repeat","background-position":"center center","background-size":"auto","background-attachment":"scroll","background-type":"","background-media":"","overlay-type":"","overlay-color":"","overlay-opacity":"","overlay-gradient":""},"mobile":{"background-color":"var(--ast-global-color-5)","background-image":"","background-repeat":"repeat","background-position":"center center","background-size":"auto","background-attachment":"scroll","background-type":"","background-media":"","overlay-type":"","overlay-color":"","overlay-opacity":"","overlay-gradient":""}},"footnotes":""},"class_list":["post-638","page","type-page","status-publish","hentry"],"_links":{"self":[{"href":"https:\/\/www.nexotraducciones.com\/fr\/wp-json\/wp\/v2\/pages\/638"}],"collection":[{"href":"https:\/\/www.nexotraducciones.com\/fr\/wp-json\/wp\/v2\/pages"}],"about":[{"href":"https:\/\/www.nexotraducciones.com\/fr\/wp-json\/wp\/v2\/types\/page"}],"author":[{"embeddable":true,"href":"https:\/\/www.nexotraducciones.com\/fr\/wp-json\/wp\/v2\/users\/3"}],"replies":[{"embeddable":true,"href":"https:\/\/www.nexotraducciones.com\/fr\/wp-json\/wp\/v2\/comments?post=638"}],"version-history":[{"count":0,"href":"https:\/\/www.nexotraducciones.com\/fr\/wp-json\/wp\/v2\/pages\/638\/revisions"}],"wp:attachment":[{"href":"https:\/\/www.nexotraducciones.com\/fr\/wp-json\/wp\/v2\/media?parent=638"}],"curies":[{"name":"wp","href":"https:\/\/api.w.org\/{rel}","templated":true}]}}