{"id":586,"date":"2023-10-22T16:29:26","date_gmt":"2023-10-22T14:29:26","guid":{"rendered":"https:\/\/snexotrad.local\/?page_id=586"},"modified":"2023-11-06T18:54:50","modified_gmt":"2023-11-06T17:54:50","slug":"accueil","status":"publish","type":"page","link":"https:\/\/www.nexotraducciones.com\/fr\/","title":{"rendered":"Accueil"},"content":{"rendered":"\t\t<div data-elementor-type=\"wp-page\" data-elementor-id=\"586\" class=\"elementor elementor-586 elementor-13\">\n\t\t\t\t<div class=\"elementor-element elementor-element-15a21d7 e-con-full elementor-hidden-mobile e-flex e-con e-parent\" data-id=\"15a21d7\" data-element_type=\"container\" data-settings=\"{&quot;background_background&quot;:&quot;classic&quot;}\">\n\t\t\t\t<div class=\"elementor-element elementor-element-0e66911 elementor-widget elementor-widget-image\" data-id=\"0e66911\" data-element_type=\"widget\" data-widget_type=\"image.default\">\n\t\t\t\t<div class=\"elementor-widget-container\">\n\t\t\t<style>\/*! elementor - v3.23.0 - 05-08-2024 *\/\n.elementor-widget-image{text-align:center}.elementor-widget-image a{display:inline-block}.elementor-widget-image a img[src$=\".svg\"]{width:48px}.elementor-widget-image img{vertical-align:middle;display:inline-block}<\/style>\t\t\t\t\t\t\t\t\t\t<img decoding=\"async\" src=\"https:\/\/www.nexotraducciones.com\/wp-content\/uploads\/2023\/10\/gamangrow-logo-home.png\" title=\"\" alt=\"\" loading=\"lazy\" \/>\t\t\t\t\t\t\t\t\t\t\t\t\t<\/div>\n\t\t\t\t<\/div>\n\t\t\t\t<\/div>\n\t\t<div class=\"elementor-element elementor-element-e1c69d5 e-con-full elementor-hidden-desktop elementor-hidden-tablet e-flex e-con e-parent\" data-id=\"e1c69d5\" data-element_type=\"container\">\n\t\t\t\t<div class=\"elementor-element elementor-element-2161576 elementor-widget elementor-widget-image\" data-id=\"2161576\" data-element_type=\"widget\" data-widget_type=\"image.default\">\n\t\t\t\t<div class=\"elementor-widget-container\">\n\t\t\t\t\t\t\t\t\t\t\t\t\t<img fetchpriority=\"high\" decoding=\"async\" width=\"1024\" height=\"600\" src=\"https:\/\/www.nexotraducciones.com\/wp-content\/uploads\/2023\/11\/nexo-banner-home-mobile.jpg\" class=\"attachment-full size-full wp-image-435\" alt=\"NEXO traducciones\" srcset=\"https:\/\/www.nexotraducciones.com\/wp-content\/uploads\/2023\/11\/nexo-banner-home-mobile.jpg 1024w, https:\/\/www.nexotraducciones.com\/wp-content\/uploads\/2023\/11\/nexo-banner-home-mobile-300x176.jpg 300w, https:\/\/www.nexotraducciones.com\/wp-content\/uploads\/2023\/11\/nexo-banner-home-mobile-768x450.jpg 768w\" sizes=\"(max-width: 1024px) 100vw, 1024px\" \/>\t\t\t\t\t\t\t\t\t\t\t\t\t<\/div>\n\t\t\t\t<\/div>\n\t\t\t\t<\/div>\n\t\t<div class=\"elementor-element elementor-element-afd989f e-flex e-con-boxed e-con e-parent\" data-id=\"afd989f\" data-element_type=\"container\">\n\t\t\t\t\t<div class=\"e-con-inner\">\n\t\t\t\t<div class=\"elementor-element elementor-element-5a13a69 elementor-widget elementor-widget-heading\" data-id=\"5a13a69\" data-element_type=\"widget\" data-widget_type=\"heading.default\">\n\t\t\t\t<div class=\"elementor-widget-container\">\n\t\t\t<style>\/*! elementor - v3.23.0 - 05-08-2024 *\/\n.elementor-heading-title{padding:0;margin:0;line-height:1}.elementor-widget-heading .elementor-heading-title[class*=elementor-size-]>a{color:inherit;font-size:inherit;line-height:inherit}.elementor-widget-heading .elementor-heading-title.elementor-size-small{font-size:15px}.elementor-widget-heading .elementor-heading-title.elementor-size-medium{font-size:19px}.elementor-widget-heading .elementor-heading-title.elementor-size-large{font-size:29px}.elementor-widget-heading .elementor-heading-title.elementor-size-xl{font-size:39px}.elementor-widget-heading .elementor-heading-title.elementor-size-xxl{font-size:59px}<\/style><h1 class=\"elementor-heading-title elementor-size-default\">NEXO traducciones<\/h1>\t\t<\/div>\n\t\t\t\t<\/div>\n\t\t\t\t<div class=\"elementor-element elementor-element-137f67d elementor-widget elementor-widget-heading\" data-id=\"137f67d\" data-element_type=\"widget\" data-widget_type=\"heading.default\">\n\t\t\t\t<div class=\"elementor-widget-container\">\n\t\t\t<h2 class=\"elementor-heading-title elementor-size-default\">Agence de traduction en ligne sp\u00e9cialis\u00e9e dans la traduction asserment\u00e9e.<\/h2>\t\t<\/div>\n\t\t\t\t<\/div>\n\t\t\t\t<div class=\"elementor-element elementor-element-59ece0e elementor-widget elementor-widget-text-editor\" data-id=\"59ece0e\" data-element_type=\"widget\" data-widget_type=\"text-editor.default\">\n\t\t\t\t<div class=\"elementor-widget-container\">\n\t\t\t<style>\/*! elementor - v3.23.0 - 05-08-2024 *\/\n.elementor-widget-text-editor.elementor-drop-cap-view-stacked .elementor-drop-cap{background-color:#69727d;color:#fff}.elementor-widget-text-editor.elementor-drop-cap-view-framed .elementor-drop-cap{color:#69727d;border:3px solid;background-color:transparent}.elementor-widget-text-editor:not(.elementor-drop-cap-view-default) .elementor-drop-cap{margin-top:8px}.elementor-widget-text-editor:not(.elementor-drop-cap-view-default) .elementor-drop-cap-letter{width:1em;height:1em}.elementor-widget-text-editor .elementor-drop-cap{float:left;text-align:center;line-height:1;font-size:50px}.elementor-widget-text-editor .elementor-drop-cap-letter{display:inline-block}<\/style>\t\t\t\t<p>NEXO traducciones est une agence de traduction en ligne qui propose des services professionnels de traduction asserment\u00e9e en 16 langues avec signature \u00e9lectronique dans toute l&rsquo;Espagne.<\/p><p>Forte de plus de 15 ans d&rsquo;exp\u00e9rience, l&rsquo;\u00e9quipe de <em>NEXO traducciones<\/em> est compos\u00e9e de professionnels de la traduction asserment\u00e9e agr\u00e9\u00e9s par le Minist\u00e8re des Affaires \u00e9trang\u00e8res, de l&rsquo;Union europ\u00e9enne et de la Coop\u00e9ration.<\/p><p>Les traductions asserment\u00e9es de <em>NEXO traducciones<\/em> sont officielles et peuvent \u00eatre pr\u00e9sent\u00e9es aux autorit\u00e9s judiciaires et administratives. Nous certifions au moyen d\u2019une signature et d\u2019un cachet l&rsquo;exactitude et la pr\u00e9cision de notre travail, conform\u00e9ment aux dispositions du Minist\u00e8re.<\/p><p>Nos logiciels de gestion de projets et nos outils sp\u00e9cifiques de traduction nous permettent de r\u00e9duire les d\u00e9lais de livraison et nous aident \u00e0 garantir la qualit\u00e9 du travail livr\u00e9.<\/p>\t\t\t\t\t\t<\/div>\n\t\t\t\t<\/div>\n\t\t\t\t\t<\/div>\n\t\t\t\t<\/div>\n\t\t<div class=\"elementor-element elementor-element-9cc87af e-flex e-con-boxed e-con e-parent\" data-id=\"9cc87af\" data-element_type=\"container\" data-settings=\"{&quot;background_background&quot;:&quot;classic&quot;}\">\n\t\t\t\t\t<div class=\"e-con-inner\">\n\t\t\t\t<div class=\"elementor-element elementor-element-f6454cd home-text-banner elementor-widget elementor-widget-text-editor\" data-id=\"f6454cd\" data-element_type=\"widget\" data-widget_type=\"text-editor.default\">\n\t\t\t\t<div class=\"elementor-widget-container\">\n\t\t\t\t\t\t\t<p>NEXO traducciones vous propose un service rapide de traduction asserment\u00e9e \u00e0 tous ceux qui en ont besoin.<\/p><p>Gr\u00e2ce \u00e0 notre technologie, nous sommes en mesure de traduire de gros volumes en quelques heures seulement.<\/p>\t\t\t\t\t\t<\/div>\n\t\t\t\t<\/div>\n\t\t\t\t\t<\/div>\n\t\t\t\t<\/div>\n\t\t<div class=\"elementor-element elementor-element-158aede e-flex e-con-boxed e-con e-parent\" data-id=\"158aede\" data-element_type=\"container\" id=\"contact\">\n\t\t\t\t\t<div class=\"e-con-inner\">\n\t\t\t\t<div class=\"elementor-element elementor-element-7a7d5b8 elementor-widget elementor-widget-heading\" data-id=\"7a7d5b8\" data-element_type=\"widget\" data-widget_type=\"heading.default\">\n\t\t\t\t<div class=\"elementor-widget-container\">\n\t\t\t<h2 class=\"elementor-heading-title elementor-size-default\">Contact<\/h2>\t\t<\/div>\n\t\t\t\t<\/div>\n\t\t\t\t<div class=\"elementor-element elementor-element-443b8c6 elementor-widget elementor-widget-text-editor\" data-id=\"443b8c6\" data-element_type=\"widget\" data-widget_type=\"text-editor.default\">\n\t\t\t\t<div class=\"elementor-widget-container\">\n\t\t\t\t\t\t\t<p>Vous pouvez nous contacter par courriel, WhatsApp et t\u00e9l\u00e9phone:<\/p>\t\t\t\t\t\t<\/div>\n\t\t\t\t<\/div>\n\t\t\t\t\t<\/div>\n\t\t\t\t<\/div>\n\t\t<div class=\"elementor-element elementor-element-c1d7f86 iconos-contacto-contenido e-flex e-con-boxed e-con e-parent\" data-id=\"c1d7f86\" data-element_type=\"container\">\n\t\t\t\t\t<div class=\"e-con-inner\">\n\t\t\t\t<div class=\"elementor-element elementor-element-fe5922c elementor-widget-mobile__width-initial elementor-view-default elementor-position-top elementor-mobile-position-top elementor-widget elementor-widget-icon-box\" data-id=\"fe5922c\" data-element_type=\"widget\" data-widget_type=\"icon-box.default\">\n\t\t\t\t<div class=\"elementor-widget-container\">\n\t\t\t<link rel=\"stylesheet\" href=\"https:\/\/www.nexotraducciones.com\/wp-content\/plugins\/elementor\/assets\/css\/widget-icon-box.min.css\">\t\t<div class=\"elementor-icon-box-wrapper\">\n\n\t\t\t\t\t\t<div class=\"elementor-icon-box-icon\">\n\t\t\t\t<a href=\"tel:+35655375291\" target=\"_blank\" rel=\"nofollow\" class=\"elementor-icon elementor-animation-\" tabindex=\"-1\">\n\t\t\t\t<i aria-hidden=\"true\" class=\"fas fa-phone-alt\"><\/i>\t\t\t\t<\/a>\n\t\t\t<\/div>\n\t\t\t\n\t\t\t\t\t\t<div class=\"elementor-icon-box-content\">\n\n\t\t\t\t\t\t\t\t\t<p class=\"elementor-icon-box-title\">\n\t\t\t\t\t\t<a href=\"tel:+35655375291\" target=\"_blank\" rel=\"nofollow\" >\n\t\t\t\t\t\t\t655 375 291\t\t\t\t\t\t<\/a>\n\t\t\t\t\t<\/p>\n\t\t\t\t\n\t\t\t\t\n\t\t\t<\/div>\n\t\t\t\n\t\t<\/div>\n\t\t\t\t<\/div>\n\t\t\t\t<\/div>\n\t\t\t\t<div class=\"elementor-element elementor-element-2b5971f elementor-widget-mobile__width-initial elementor-view-default elementor-position-top elementor-mobile-position-top elementor-widget elementor-widget-icon-box\" data-id=\"2b5971f\" data-element_type=\"widget\" data-widget_type=\"icon-box.default\">\n\t\t\t\t<div class=\"elementor-widget-container\">\n\t\t\t\t\t<div class=\"elementor-icon-box-wrapper\">\n\n\t\t\t\t\t\t<div class=\"elementor-icon-box-icon\">\n\t\t\t\t<a href=\"mailto:info@nexotraducciones.com\" class=\"elementor-icon elementor-animation-\" tabindex=\"-1\">\n\t\t\t\t<i aria-hidden=\"true\" class=\"far fa-envelope\"><\/i>\t\t\t\t<\/a>\n\t\t\t<\/div>\n\t\t\t\n\t\t\t\t\t\t<div class=\"elementor-icon-box-content\">\n\n\t\t\t\t\t\t\t\t\t<p class=\"elementor-icon-box-title\">\n\t\t\t\t\t\t<a href=\"mailto:info@nexotraducciones.com\" >\n\t\t\t\t\t\t\tinfo@nexotraducciones.com\t\t\t\t\t\t<\/a>\n\t\t\t\t\t<\/p>\n\t\t\t\t\n\t\t\t\t\n\t\t\t<\/div>\n\t\t\t\n\t\t<\/div>\n\t\t\t\t<\/div>\n\t\t\t\t<\/div>\n\t\t\t\t<div class=\"elementor-element elementor-element-3a3d611 elementor-widget-mobile__width-initial elementor-view-default elementor-position-top elementor-mobile-position-top elementor-widget elementor-widget-icon-box\" data-id=\"3a3d611\" data-element_type=\"widget\" data-widget_type=\"icon-box.default\">\n\t\t\t\t<div class=\"elementor-widget-container\">\n\t\t\t\t\t<div class=\"elementor-icon-box-wrapper\">\n\n\t\t\t\t\t\t<div class=\"elementor-icon-box-icon\">\n\t\t\t\t<a href=\"https:\/\/api.whatsapp.com\/send?phone=34655375291\" target=\"_blank\" rel=\"nofollow\" class=\"elementor-icon elementor-animation-\" tabindex=\"-1\">\n\t\t\t\t<i aria-hidden=\"true\" class=\"fab fa-whatsapp\"><\/i>\t\t\t\t<\/a>\n\t\t\t<\/div>\n\t\t\t\n\t\t\t\t\t\t<div class=\"elementor-icon-box-content\">\n\n\t\t\t\t\t\t\t\t\t<p class=\"elementor-icon-box-title\">\n\t\t\t\t\t\t<a href=\"https:\/\/api.whatsapp.com\/send?phone=34655375291\" target=\"_blank\" rel=\"nofollow\" >\n\t\t\t\t\t\t\t655 375 291\t\t\t\t\t\t<\/a>\n\t\t\t\t\t<\/p>\n\t\t\t\t\n\t\t\t\t\n\t\t\t<\/div>\n\t\t\t\n\t\t<\/div>\n\t\t\t\t<\/div>\n\t\t\t\t<\/div>\n\t\t\t\t\t<\/div>\n\t\t\t\t<\/div>\n\t\t<div class=\"elementor-element elementor-element-d90cdcf e-flex e-con-boxed e-con e-parent\" data-id=\"d90cdcf\" data-element_type=\"container\">\n\t\t\t\t\t<div class=\"e-con-inner\">\n\t\t\t\t<div class=\"elementor-element elementor-element-cbeeeb2 elementor-widget elementor-widget-text-editor\" data-id=\"cbeeeb2\" data-element_type=\"widget\" data-widget_type=\"text-editor.default\">\n\t\t\t\t<div class=\"elementor-widget-container\">\n\t\t\t\t\t\t\t<p>Merci de nous faire pavenir votre demande afin que nous puissions vous proposer une solution rapide.<\/p>\t\t\t\t\t\t<\/div>\n\t\t\t\t<\/div>\n\t\t\t\t\t<\/div>\n\t\t\t\t<\/div>\n\t\t<div class=\"elementor-element elementor-element-b667d0a e-flex e-con-boxed e-con e-parent\" data-id=\"b667d0a\" data-element_type=\"container\">\n\t\t\t\t\t<div class=\"e-con-inner\">\n\t\t<div class=\"elementor-element elementor-element-50213a5 e-con-full elementor-hidden-mobile e-flex e-con e-child\" data-id=\"50213a5\" data-element_type=\"container\">\n\t\t\t\t<\/div>\n\t\t<div class=\"elementor-element elementor-element-6afa891 e-con-full e-flex e-con e-child\" data-id=\"6afa891\" data-element_type=\"container\">\n\t\t\t\t<div class=\"elementor-element elementor-element-f3f61b4 elementor-widget elementor-widget-text-editor\" data-id=\"f3f61b4\" data-element_type=\"widget\" data-widget_type=\"text-editor.default\">\n\t\t\t\t<div class=\"elementor-widget-container\">\n\t\t\t\t\t\t\t<p>\n<div class=\"wpcf7 no-js\" id=\"wpcf7-f741-o1\" lang=\"fr-FR\" dir=\"ltr\">\n<div class=\"screen-reader-response\"><p role=\"status\" aria-live=\"polite\" aria-atomic=\"true\"><\/p> <ul><\/ul><\/div>\n<form action=\"\/fr\/wp-json\/wp\/v2\/pages\/586#wpcf7-f741-o1\" method=\"post\" class=\"wpcf7-form init\" aria-label=\"Formulaire de contact\" novalidate=\"novalidate\" data-status=\"init\">\n<div style=\"display: none;\">\n<input type=\"hidden\" name=\"_wpcf7\" value=\"741\" \/>\n<input type=\"hidden\" name=\"_wpcf7_version\" value=\"5.9.8\" \/>\n<input type=\"hidden\" name=\"_wpcf7_locale\" value=\"fr_FR\" \/>\n<input type=\"hidden\" name=\"_wpcf7_unit_tag\" value=\"wpcf7-f741-o1\" \/>\n<input type=\"hidden\" name=\"_wpcf7_container_post\" value=\"0\" \/>\n<input type=\"hidden\" name=\"_wpcf7_posted_data_hash\" value=\"\" \/>\n<input type=\"hidden\" name=\"_wpcf7_recaptcha_response\" value=\"\" \/>\n<\/div>\n<div class=\"cform-full\">\n\t<p><label>Pr\u00e9nom*<\/label><br \/>\n<span class=\"wpcf7-form-control-wrap\" data-name=\"your-name\"><input size=\"40\" maxlength=\"400\" class=\"wpcf7-form-control wpcf7-text wpcf7-validates-as-required\" aria-required=\"true\" aria-invalid=\"false\" value=\"\" type=\"text\" name=\"your-name\" \/><\/span>\n\t<\/p>\n<\/div>\n<div class=\"cform-full\">\n\t<p><label>Soci\u00e9t\u00e9<\/label><br \/>\n<span class=\"wpcf7-form-control-wrap\" data-name=\"your-company\"><input size=\"40\" maxlength=\"400\" class=\"wpcf7-form-control wpcf7-text\" aria-invalid=\"false\" value=\"\" type=\"text\" name=\"your-company\" \/><\/span>\n\t<\/p>\n<\/div>\n<div class=\"cform-col-left\">\n\t<p><label>Courriel*<\/label><br \/>\n<span class=\"wpcf7-form-control-wrap\" data-name=\"your-email\"><input size=\"40\" maxlength=\"400\" class=\"wpcf7-form-control wpcf7-email wpcf7-validates-as-required wpcf7-text wpcf7-validates-as-email\" aria-required=\"true\" aria-invalid=\"false\" value=\"\" type=\"email\" name=\"your-email\" \/><\/span>\n\t<\/p>\n<\/div>\n<div class=\"cform-col-right\">\n\t<p><label>T\u00e9l\u00e9phone*<\/label><br \/>\n<span class=\"wpcf7-form-control-wrap\" data-name=\"your-phone\"><input size=\"40\" maxlength=\"400\" class=\"wpcf7-form-control wpcf7-tel wpcf7-validates-as-required wpcf7-text wpcf7-validates-as-tel\" aria-required=\"true\" aria-invalid=\"false\" value=\"\" type=\"tel\" name=\"your-phone\" \/><\/span>\n\t<\/p>\n<\/div>\n<div class=\"cform-full\">\n\t<p><label>Message* <\/label><br \/>\n<span class=\"wpcf7-form-control-wrap\" data-name=\"your-message\"><textarea cols=\"40\" rows=\"6\" maxlength=\"2000\" class=\"wpcf7-form-control wpcf7-textarea wpcf7-validates-as-required\" aria-required=\"true\" aria-invalid=\"false\" name=\"your-message\"><\/textarea><\/span>\n\t<\/p>\n<\/div>\n<div class=\"cform-full\">\n\t<p><label>T\u00e9l\u00e9charger fichier:<\/label><br \/>\n<span class=\"wpcf7-form-control-wrap\" data-name=\"upload-files\"><input size=\"40\" class=\"wpcf7-form-control wpcf7-drag-n-drop-file d-none form-upload-files\" aria-invalid=\"false\" type=\"file\" multiple=\"multiple\" data-name=\"upload-files\" data-type=\"pdf|doc|docx|jpeg|png|jpg\" data-limit=\"5242880\" data-max=\"5\" data-id=\"741\" data-version=\"free version 1.3.8.2\" accept=\".pdf, .doc, .docx, .jpeg, .png, .jpg\" \/><\/span>\n\t<\/p>\n<\/div>\n<div id=\"terminos-condiciones\">\n\t<p class=\"acceptance\"><span class=\"accept-option\"><span class=\"wpcf7-form-control-wrap\" data-name=\"aceptacion-politica-privacidad\"><span class=\"wpcf7-form-control wpcf7-acceptance\"><span class=\"wpcf7-list-item\"><label><input type=\"checkbox\" name=\"aceptacion-politica-privacidad\" value=\"1\" aria-invalid=\"false\" \/><span class=\"wpcf7-list-item-label\">J&rsquo;accepte les terms et conditions de la  <\/span><a class=\"accept-option\" href=\"https:\/\/www.nexotraducciones.com\/fr\/politique-de-confidentialite\/\" target=\"_blank\" rel=\"nofollow\">Politique de Confidentialit\u00e9<\/a><\/span><\/label><\/span><\/span><\/span><\/span>\n\t<\/p>\n\t<p class=\"acceptance\"><span class=\"accept-option\"><span class=\"wpcf7-form-control-wrap\" data-name=\"aceptacion-envio-publicitario\"><span class=\"wpcf7-form-control wpcf7-acceptance optional\"><span class=\"wpcf7-list-item\"><label><input type=\"checkbox\" name=\"aceptacion-envio-publicitario\" value=\"1\" aria-invalid=\"false\" \/><span class=\"wpcf7-list-item-label\">J&rsquo;accepte l&rsquo;envoi publicitaire<\/span><\/span><\/label><\/span><\/span><\/span><\/span>\n\t<\/p>\n\t<p style=\"text-align:center\"><input class=\"wpcf7-form-control wpcf7-submit has-spinner\" type=\"submit\" value=\"ENVOYER MESSAGE\" \/>\n\t<\/p>\n<\/div>\n<div id=\"cf7-legal-info\">\n\t<p>Dans le cas o\u00f9 vous avez accept\u00e9 l&rsquo;envoi publicitaire, NEXO traducciones traitera les informations que vous nous avez fournies afin de vous envoyer des publicit\u00e9s li\u00e9es \u00e0 nos produits et services par tout moyen (postal, email ou t\u00e9l\u00e9phone) et vous inviter \u00e0 des \u00e9v\u00e9nements organis\u00e9s. par la compagnie. Les donn\u00e9es fournies seront conserv\u00e9es tant que vous ne demanderez pas la cessation de l&rsquo;activit\u00e9. Les donn\u00e9es ne seront pas c\u00e9d\u00e9es \u00e0 des tiers sauf dans les cas o\u00f9 il existe une obligation l\u00e9gale. Vous avez le droit d&rsquo;obtenir la confirmation si NEXO traducciones traite vos donn\u00e9es personnelles, vous avez donc le droit d&rsquo;acc\u00e9der \u00e0 vos donn\u00e9es personnelles, de rectifier des donn\u00e9es inexactes ou de demander leur suppression lorsque les donn\u00e9es ne sont plus n\u00e9cessaires aux fins pour lesquelles elles ont \u00e9t\u00e9 collect\u00e9es. . Vous pouvez en faire la demande en envoyant un e-mail \u00e0 info@nexotraducciones.com en joignant une copie de votre DNI.\n\t<\/p>\n\t<p>Ce site est prot\u00e9g\u00e9 par reCAPTCHA et la <a href=\"https:\/\/policies.google.com\/privacy\" target=\"_blank\">politique de confidentialit\u00e9<\/a> et les <a href=\"https:\/\/policies.google.com\/terms\" target=\"_blank\">conditions d&rsquo;utilisation<\/a> de Google s&rsquo;appliquent.\n\t<\/p>\n<\/div>\n<div class=\"wpcf7-response-output\" aria-hidden=\"true\"><\/div>\n<\/form>\n<\/div>\n<\/p>\t\t\t\t\t\t<\/div>\n\t\t\t\t<\/div>\n\t\t\t\t<\/div>\n\t\t<div class=\"elementor-element elementor-element-b05e431 e-con-full elementor-hidden-mobile e-flex e-con e-child\" data-id=\"b05e431\" data-element_type=\"container\">\n\t\t\t\t<\/div>\n\t\t\t\t\t<\/div>\n\t\t\t\t<\/div>\n\t\t\t\t<\/div>\n\t\t","protected":false},"excerpt":{"rendered":"<p>NEXO traducciones Agence de traduction en ligne sp\u00e9cialis\u00e9e dans la traduction asserment\u00e9e. NEXO traducciones est une agence de traduction en ligne qui propose des services professionnels de traduction asserment\u00e9e en 16 langues avec signature \u00e9lectronique dans toute l&rsquo;Espagne. Forte de plus de 15 ans d&rsquo;exp\u00e9rience, l&rsquo;\u00e9quipe de NEXO traducciones est compos\u00e9e de professionnels de la [&hellip;]<\/p>\n","protected":false},"author":3,"featured_media":582,"parent":0,"menu_order":0,"comment_status":"closed","ping_status":"closed","template":"","meta":{"site-sidebar-layout":"no-sidebar","site-content-layout":"plain-container","ast-site-content-layout":"full-width-container","site-content-style":"default","site-sidebar-style":"default","ast-global-header-display":"","ast-banner-title-visibility":"","ast-main-header-display":"","ast-hfb-above-header-display":"","ast-hfb-below-header-display":"","ast-hfb-mobile-header-display":"","site-post-title":"disabled","ast-breadcrumbs-content":"","ast-featured-img":"disabled","footer-sml-layout":"","theme-transparent-header-meta":"disabled","adv-header-id-meta":"","stick-header-meta":"","header-above-stick-meta":"","header-main-stick-meta":"","header-below-stick-meta":"","astra-migrate-meta-layouts":"set","ast-page-background-enabled":"default","ast-page-background-meta":{"desktop":{"background-color":"var(--ast-global-color-4)","background-image":"","background-repeat":"repeat","background-position":"center center","background-size":"auto","background-attachment":"scroll","background-type":"","background-media":"","overlay-type":"","overlay-color":"","overlay-opacity":"","overlay-gradient":""},"tablet":{"background-color":"","background-image":"","background-repeat":"repeat","background-position":"center center","background-size":"auto","background-attachment":"scroll","background-type":"","background-media":"","overlay-type":"","overlay-color":"","overlay-opacity":"","overlay-gradient":""},"mobile":{"background-color":"","background-image":"","background-repeat":"repeat","background-position":"center center","background-size":"auto","background-attachment":"scroll","background-type":"","background-media":"","overlay-type":"","overlay-color":"","overlay-opacity":"","overlay-gradient":""}},"ast-content-background-meta":{"desktop":{"background-color":"var(--ast-global-color-5)","background-image":"","background-repeat":"repeat","background-position":"center center","background-size":"auto","background-attachment":"scroll","background-type":"","background-media":"","overlay-type":"","overlay-color":"","overlay-opacity":"","overlay-gradient":""},"tablet":{"background-color":"var(--ast-global-color-5)","background-image":"","background-repeat":"repeat","background-position":"center center","background-size":"auto","background-attachment":"scroll","background-type":"","background-media":"","overlay-type":"","overlay-color":"","overlay-opacity":"","overlay-gradient":""},"mobile":{"background-color":"var(--ast-global-color-5)","background-image":"","background-repeat":"repeat","background-position":"center center","background-size":"auto","background-attachment":"scroll","background-type":"","background-media":"","overlay-type":"","overlay-color":"","overlay-opacity":"","overlay-gradient":""}},"footnotes":""},"class_list":["post-586","page","type-page","status-publish","has-post-thumbnail","hentry"],"_links":{"self":[{"href":"https:\/\/www.nexotraducciones.com\/fr\/wp-json\/wp\/v2\/pages\/586"}],"collection":[{"href":"https:\/\/www.nexotraducciones.com\/fr\/wp-json\/wp\/v2\/pages"}],"about":[{"href":"https:\/\/www.nexotraducciones.com\/fr\/wp-json\/wp\/v2\/types\/page"}],"author":[{"embeddable":true,"href":"https:\/\/www.nexotraducciones.com\/fr\/wp-json\/wp\/v2\/users\/3"}],"replies":[{"embeddable":true,"href":"https:\/\/www.nexotraducciones.com\/fr\/wp-json\/wp\/v2\/comments?post=586"}],"version-history":[{"count":9,"href":"https:\/\/www.nexotraducciones.com\/fr\/wp-json\/wp\/v2\/pages\/586\/revisions"}],"predecessor-version":[{"id":781,"href":"https:\/\/www.nexotraducciones.com\/fr\/wp-json\/wp\/v2\/pages\/586\/revisions\/781"}],"wp:featuredmedia":[{"embeddable":true,"href":"https:\/\/www.nexotraducciones.com\/fr\/wp-json\/wp\/v2\/media\/582"}],"wp:attachment":[{"href":"https:\/\/www.nexotraducciones.com\/fr\/wp-json\/wp\/v2\/media?parent=586"}],"curies":[{"name":"wp","href":"https:\/\/api.w.org\/{rel}","templated":true}]}}